{"id":267,"date":"2018-12-28T17:06:22","date_gmt":"2018-12-28T22:06:22","guid":{"rendered":"http:\/\/www.gimnasiosantorey.edu.co\/gsr\/?page_id=267"},"modified":"2025-01-16T15:09:43","modified_gmt":"2025-01-16T20:09:43","slug":"quienes-somos","status":"publish","type":"page","link":"https:\/\/www.gimnasiosantorey.edu.co\/gsr\/quienes-somos\/","title":{"rendered":"S\u00edmbolos Institucionales"},"content":{"rendered":"<div class=\"wpb-content-wrapper\">[vc_row][vc_column][gt3_spacing height=&#8221;20px&#8221;][gt3_custom_text text_color=&#8221;#3c434b&#8221; font_size=&#8221;24&#8243; use_theme_fonts=&#8221;&#8221; google_fonts_text=&#8221;font_family:Francois%20One%3Aregular|font_style:400%20regular%3A400%3Anormal&#8221;]\n<h1 style=\"text-align: center;\"><b>LEMA<\/b><\/h1>\n<p>&nbsp;<\/p>\n<h2 style=\"text-align: center;\">\u201cCIENCIA CONOCIMIENTO Y VIDA\u201d<\/h2>\n<p>&nbsp;<\/p>\n<p>&nbsp;<\/p>\n<h3 style=\"text-align: center;\"><span>S\u00edmbolos del Colegio<\/span><\/h3>\n<p style=\"text-align: center;\" align=\"center\"><b><span>EMBLEMA DEL GIMNASIO SANTO REY<\/span><\/b><\/p>\n<p>&nbsp;<\/p>\n<p style=\"text-align: center;\"><img loading=\"lazy\" decoding=\"async\" src=\"http:\/\/www.gimnasiosantorey.edu.co\/images\/M_images\/logoGSR.jpg\" alt=\"logoGSR\" width=\"222\" height=\"363\" \/><\/p>\n<p style=\"text-align: center;\" align=\"center\"><b><span>\u00a0<\/span><\/b><\/p>\n<p style=\"text-align: center;\"><b>\u00a0<\/b><\/p>\n<p>&nbsp;<\/p>\n<p style=\"text-align: left;\"><b>SIGNIFICADO DEL EMBLEMA:<\/b><\/p>\n<p style=\"text-align: center;\"><b>\u00a0<\/b><\/p>\n<p style=\"text-align: left;\"><b>Corona:<\/b><\/p>\n<p style=\"text-align: left;\">\u00a0\u00a0\u00a0\u00a0\u00a0\u00a0\u00a0\u00a0\u00a0\u00a0\u00a0 La corona simboliza el reino, poder y majestad de Dios.<\/p>\n<p style=\"text-align: left;\">\u00a0 \u00a0 \u00a0 \u00a0 \u00a0 \u00a0 La flor de lis simboliza la Trinidad, Padre, Hijo y Esp\u00edritu Santo. El n\u00famero tres es el n\u00famero de Dios.<\/p>\n<p style=\"text-align: left;\"><b>Escudo:<\/b><\/p>\n<p style=\"text-align: left;\">\u00a0\u00a0\u00a0\u00a0\u00a0\u00a0\u00a0\u00a0\u00a0\u00a0\u00a0 El escudo representa la protecci\u00f3n de Dios hacia sus hijos.<\/p>\n<p style=\"text-align: left;\">\u00a0\u00a0\u00a0\u00a0\u00a0\u00a0\u00a0\u00a0\u00a0\u00a0\u00a0 Las diez estrellas simbolizan la excelencia.<\/p>\n<p style=\"text-align: left;\">\u00a0 \u00a0 \u00a0 \u00a0 \u00a0 \u00a0 El \u00e1tomo simboliza la ciencia, el libro el conocimiento y el Candelabro representa la vida (el \u00e1rbol de la vida).<\/p>\n<p style=\"text-align: left;\">\u00a0 \u00a0 \u00a0 \u00a0 \u00a0 \u00a0 El color azul representa el cielo, lugar del trono de Dios y el color rojo la sangre que Jes\u00fas derram\u00f3 en la cruz.<\/p>\n<p style=\"text-align: left;\"><b>Placa: <\/b>La placa lleva el nombre de la Instituci\u00f3n GIMNASIO SANTO REY.<\/p>\n<p>&nbsp;<\/p>\n<p style=\"text-align: left;\"><b>Gimnasio<\/b>: Centro de lugar de ense\u00f1anza media. Sin\u00f3nimo Escuela.<\/p>\n<p>&nbsp;<\/p>\n<p style=\"text-align: left;\"><b>Santo<\/b>: La santidad es un atributo de Dios, destaca la excelencia moral de Dios, Dios es santo y sirve de modelo de pureza para todas sus criaturas.<\/p>\n<p>&nbsp;<\/p>\n<p style=\"text-align: left;\"><b>Rey<\/b>: Dios es el Rey de reyes y Se\u00f1or de se\u00f1ores.<\/p>\n<p>&nbsp;<\/p>\n<p>&nbsp;<\/p>\n<p style=\"text-align: center;\"><b><span>BANDERA<\/span><\/b><\/p>\n[\/gt3_custom_text][vc_empty_space][\/vc_column][\/vc_row][vc_row][vc_column][vc_single_image image=&#8221;7101&#8243; img_size=&#8221;800&#215;800&#8243; alignment=&#8221;center&#8221; style=&#8221;vc_box_shadow_3d&#8221; css=&#8221;&#8221;][\/vc_column][\/vc_row]\n<\/div>","protected":false},"excerpt":{"rendered":"<p>[vc_row][vc_column][gt3_spacing height=&#8221;20px&#8221;][gt3_custom_text text_color=&#8221;#3c434b&#8221; font_size=&#8221;24&#8243; use_theme_fonts=&#8221;&#8221; google_fonts_text=&#8221;font_family:Francois%20One%3Aregular|font_style:400%20regular%3A400%3Anormal&#8221;] LEMA &nbsp; \u201cCIENCIA CONOCIMIENTO Y VIDA\u201d &nbsp; &nbsp; S\u00edmbolos del Colegio EMBLEMA DEL GIMNASIO SANTO REY &nbsp; \u00a0 \u00a0 &nbsp; SIGNIFICADO DEL EMBLEMA: \u00a0 [&hellip;]<\/p>\n","protected":false},"author":1,"featured_media":0,"parent":0,"menu_order":0,"comment_status":"closed","ping_status":"open","template":"","meta":{"footnotes":""},"class_list":["post-267","page","type-page","status-publish","hentry"],"yoast_head":"<!-- This site is optimized with the Yoast SEO plugin v24.4 - https:\/\/yoast.com\/wordpress\/plugins\/seo\/ -->\n<title>S\u00edmbolos Institucionales - Colegio Gimnasio Santo Rey<\/title>\n<meta name=\"robots\" content=\"index, follow, max-snippet:-1, max-image-preview:large, max-video-preview:-1\" \/>\n<link rel=\"canonical\" href=\"https:\/\/www.gimnasiosantorey.edu.co\/gsr\/quienes-somos\/\" \/>\n<meta property=\"og:locale\" content=\"es_ES\" \/>\n<meta property=\"og:type\" content=\"article\" \/>\n<meta property=\"og:title\" content=\"S\u00edmbolos Institucionales - Colegio Gimnasio Santo Rey\" \/>\n<meta property=\"og:description\" content=\"[vc_row][vc_column][gt3_spacing height=&#8221;20px&#8221;][gt3_custom_text text_color=&#8221;#3c434b&#8221; font_size=&#8221;24&#8243; use_theme_fonts=&#8221;&#8221; google_fonts_text=&#8221;font_family:Francois%20One%3Aregular|font_style:400%20regular%3A400%3Anormal&#8221;] LEMA &nbsp; \u201cCIENCIA CONOCIMIENTO Y VIDA\u201d &nbsp; &nbsp; S\u00edmbolos del Colegio EMBLEMA DEL GIMNASIO SANTO REY &nbsp; \u00a0 \u00a0 &nbsp; SIGNIFICADO DEL EMBLEMA: \u00a0 [&hellip;]\" \/>\n<meta property=\"og:url\" content=\"https:\/\/www.gimnasiosantorey.edu.co\/gsr\/quienes-somos\/\" \/>\n<meta property=\"og:site_name\" content=\"Colegio Gimnasio Santo Rey\" \/>\n<meta property=\"article:publisher\" content=\"https:\/\/www.facebook.com\/colegiosantoreyarmenia\/?notif_id=1728497573741947&amp;notif_t=page_user_activity&amp;ref=notif\" \/>\n<meta property=\"article:modified_time\" content=\"2025-01-16T20:09:43+00:00\" \/>\n<meta property=\"og:image\" content=\"http:\/\/www.gimnasiosantorey.edu.co\/images\/M_images\/logoGSR.jpg\" \/>\n<meta name=\"twitter:card\" content=\"summary_large_image\" \/>\n<meta name=\"twitter:label1\" content=\"Tiempo de lectura\" \/>\n\t<meta name=\"twitter:data1\" content=\"2 minutos\" \/>\n<script type=\"application\/ld+json\" class=\"yoast-schema-graph\">{\"@context\":\"https:\/\/schema.org\",\"@graph\":[{\"@type\":\"WebPage\",\"@id\":\"https:\/\/www.gimnasiosantorey.edu.co\/gsr\/quienes-somos\/\",\"url\":\"https:\/\/www.gimnasiosantorey.edu.co\/gsr\/quienes-somos\/\",\"name\":\"S\u00edmbolos Institucionales - Colegio Gimnasio Santo Rey\",\"isPartOf\":{\"@id\":\"https:\/\/www.gimnasiosantorey.edu.co\/gsr\/#website\"},\"primaryImageOfPage\":{\"@id\":\"https:\/\/www.gimnasiosantorey.edu.co\/gsr\/quienes-somos\/#primaryimage\"},\"image\":{\"@id\":\"https:\/\/www.gimnasiosantorey.edu.co\/gsr\/quienes-somos\/#primaryimage\"},\"thumbnailUrl\":\"http:\/\/www.gimnasiosantorey.edu.co\/images\/M_images\/logoGSR.jpg\",\"datePublished\":\"2018-12-28T22:06:22+00:00\",\"dateModified\":\"2025-01-16T20:09:43+00:00\",\"breadcrumb\":{\"@id\":\"https:\/\/www.gimnasiosantorey.edu.co\/gsr\/quienes-somos\/#breadcrumb\"},\"inLanguage\":\"es\",\"potentialAction\":[{\"@type\":\"ReadAction\",\"target\":[\"https:\/\/www.gimnasiosantorey.edu.co\/gsr\/quienes-somos\/\"]}]},{\"@type\":\"ImageObject\",\"inLanguage\":\"es\",\"@id\":\"https:\/\/www.gimnasiosantorey.edu.co\/gsr\/quienes-somos\/#primaryimage\",\"url\":\"http:\/\/www.gimnasiosantorey.edu.co\/images\/M_images\/logoGSR.jpg\",\"contentUrl\":\"http:\/\/www.gimnasiosantorey.edu.co\/images\/M_images\/logoGSR.jpg\"},{\"@type\":\"BreadcrumbList\",\"@id\":\"https:\/\/www.gimnasiosantorey.edu.co\/gsr\/quienes-somos\/#breadcrumb\",\"itemListElement\":[{\"@type\":\"ListItem\",\"position\":1,\"name\":\"Portada\",\"item\":\"https:\/\/www.gimnasiosantorey.edu.co\/gsr\/\"},{\"@type\":\"ListItem\",\"position\":2,\"name\":\"S\u00edmbolos Institucionales\"}]},{\"@type\":\"WebSite\",\"@id\":\"https:\/\/www.gimnasiosantorey.edu.co\/gsr\/#website\",\"url\":\"https:\/\/www.gimnasiosantorey.edu.co\/gsr\/\",\"name\":\"Colegio Gimnasio Santo Rey\",\"description\":\"Colegio Gimnasio Santo Rey\",\"publisher\":{\"@id\":\"https:\/\/www.gimnasiosantorey.edu.co\/gsr\/#organization\"},\"potentialAction\":[{\"@type\":\"SearchAction\",\"target\":{\"@type\":\"EntryPoint\",\"urlTemplate\":\"https:\/\/www.gimnasiosantorey.edu.co\/gsr\/?s={search_term_string}\"},\"query-input\":{\"@type\":\"PropertyValueSpecification\",\"valueRequired\":true,\"valueName\":\"search_term_string\"}}],\"inLanguage\":\"es\"},{\"@type\":\"Organization\",\"@id\":\"https:\/\/www.gimnasiosantorey.edu.co\/gsr\/#organization\",\"name\":\"Colegio Gimnasio Santo Rey\",\"url\":\"https:\/\/www.gimnasiosantorey.edu.co\/gsr\/\",\"logo\":{\"@type\":\"ImageObject\",\"inLanguage\":\"es\",\"@id\":\"https:\/\/www.gimnasiosantorey.edu.co\/gsr\/#\/schema\/logo\/image\/\",\"url\":\"https:\/\/www.gimnasiosantorey.edu.co\/gsr\/wp-content\/uploads\/2022\/02\/SAnto-Rey.jpg\",\"contentUrl\":\"https:\/\/www.gimnasiosantorey.edu.co\/gsr\/wp-content\/uploads\/2022\/02\/SAnto-Rey.jpg\",\"width\":225,\"height\":225,\"caption\":\"Colegio Gimnasio Santo Rey\"},\"image\":{\"@id\":\"https:\/\/www.gimnasiosantorey.edu.co\/gsr\/#\/schema\/logo\/image\/\"},\"sameAs\":[\"https:\/\/www.facebook.com\/colegiosantoreyarmenia\/?notif_id=1728497573741947&notif_t=page_user_activity&ref=notif\"]}]}<\/script>\n<!-- \/ Yoast SEO plugin. -->","yoast_head_json":{"title":"S\u00edmbolos Institucionales - Colegio Gimnasio Santo Rey","robots":{"index":"index","follow":"follow","max-snippet":"max-snippet:-1","max-image-preview":"max-image-preview:large","max-video-preview":"max-video-preview:-1"},"canonical":"https:\/\/www.gimnasiosantorey.edu.co\/gsr\/quienes-somos\/","og_locale":"es_ES","og_type":"article","og_title":"S\u00edmbolos Institucionales - Colegio Gimnasio Santo Rey","og_description":"[vc_row][vc_column][gt3_spacing height=&#8221;20px&#8221;][gt3_custom_text text_color=&#8221;#3c434b&#8221; font_size=&#8221;24&#8243; use_theme_fonts=&#8221;&#8221; google_fonts_text=&#8221;font_family:Francois%20One%3Aregular|font_style:400%20regular%3A400%3Anormal&#8221;] LEMA &nbsp; \u201cCIENCIA CONOCIMIENTO Y VIDA\u201d &nbsp; &nbsp; S\u00edmbolos del Colegio EMBLEMA DEL GIMNASIO SANTO REY &nbsp; \u00a0 \u00a0 &nbsp; SIGNIFICADO DEL EMBLEMA: \u00a0 [&hellip;]","og_url":"https:\/\/www.gimnasiosantorey.edu.co\/gsr\/quienes-somos\/","og_site_name":"Colegio Gimnasio Santo Rey","article_publisher":"https:\/\/www.facebook.com\/colegiosantoreyarmenia\/?notif_id=1728497573741947&notif_t=page_user_activity&ref=notif","article_modified_time":"2025-01-16T20:09:43+00:00","og_image":[{"url":"http:\/\/www.gimnasiosantorey.edu.co\/images\/M_images\/logoGSR.jpg","type":"","width":"","height":""}],"twitter_card":"summary_large_image","twitter_misc":{"Tiempo de lectura":"2 minutos"},"schema":{"@context":"https:\/\/schema.org","@graph":[{"@type":"WebPage","@id":"https:\/\/www.gimnasiosantorey.edu.co\/gsr\/quienes-somos\/","url":"https:\/\/www.gimnasiosantorey.edu.co\/gsr\/quienes-somos\/","name":"S\u00edmbolos Institucionales - Colegio Gimnasio Santo Rey","isPartOf":{"@id":"https:\/\/www.gimnasiosantorey.edu.co\/gsr\/#website"},"primaryImageOfPage":{"@id":"https:\/\/www.gimnasiosantorey.edu.co\/gsr\/quienes-somos\/#primaryimage"},"image":{"@id":"https:\/\/www.gimnasiosantorey.edu.co\/gsr\/quienes-somos\/#primaryimage"},"thumbnailUrl":"http:\/\/www.gimnasiosantorey.edu.co\/images\/M_images\/logoGSR.jpg","datePublished":"2018-12-28T22:06:22+00:00","dateModified":"2025-01-16T20:09:43+00:00","breadcrumb":{"@id":"https:\/\/www.gimnasiosantorey.edu.co\/gsr\/quienes-somos\/#breadcrumb"},"inLanguage":"es","potentialAction":[{"@type":"ReadAction","target":["https:\/\/www.gimnasiosantorey.edu.co\/gsr\/quienes-somos\/"]}]},{"@type":"ImageObject","inLanguage":"es","@id":"https:\/\/www.gimnasiosantorey.edu.co\/gsr\/quienes-somos\/#primaryimage","url":"http:\/\/www.gimnasiosantorey.edu.co\/images\/M_images\/logoGSR.jpg","contentUrl":"http:\/\/www.gimnasiosantorey.edu.co\/images\/M_images\/logoGSR.jpg"},{"@type":"BreadcrumbList","@id":"https:\/\/www.gimnasiosantorey.edu.co\/gsr\/quienes-somos\/#breadcrumb","itemListElement":[{"@type":"ListItem","position":1,"name":"Portada","item":"https:\/\/www.gimnasiosantorey.edu.co\/gsr\/"},{"@type":"ListItem","position":2,"name":"S\u00edmbolos Institucionales"}]},{"@type":"WebSite","@id":"https:\/\/www.gimnasiosantorey.edu.co\/gsr\/#website","url":"https:\/\/www.gimnasiosantorey.edu.co\/gsr\/","name":"Colegio Gimnasio Santo Rey","description":"Colegio Gimnasio Santo Rey","publisher":{"@id":"https:\/\/www.gimnasiosantorey.edu.co\/gsr\/#organization"},"potentialAction":[{"@type":"SearchAction","target":{"@type":"EntryPoint","urlTemplate":"https:\/\/www.gimnasiosantorey.edu.co\/gsr\/?s={search_term_string}"},"query-input":{"@type":"PropertyValueSpecification","valueRequired":true,"valueName":"search_term_string"}}],"inLanguage":"es"},{"@type":"Organization","@id":"https:\/\/www.gimnasiosantorey.edu.co\/gsr\/#organization","name":"Colegio Gimnasio Santo Rey","url":"https:\/\/www.gimnasiosantorey.edu.co\/gsr\/","logo":{"@type":"ImageObject","inLanguage":"es","@id":"https:\/\/www.gimnasiosantorey.edu.co\/gsr\/#\/schema\/logo\/image\/","url":"https:\/\/www.gimnasiosantorey.edu.co\/gsr\/wp-content\/uploads\/2022\/02\/SAnto-Rey.jpg","contentUrl":"https:\/\/www.gimnasiosantorey.edu.co\/gsr\/wp-content\/uploads\/2022\/02\/SAnto-Rey.jpg","width":225,"height":225,"caption":"Colegio Gimnasio Santo Rey"},"image":{"@id":"https:\/\/www.gimnasiosantorey.edu.co\/gsr\/#\/schema\/logo\/image\/"},"sameAs":["https:\/\/www.facebook.com\/colegiosantoreyarmenia\/?notif_id=1728497573741947&notif_t=page_user_activity&ref=notif"]}]}},"_links":{"self":[{"href":"https:\/\/www.gimnasiosantorey.edu.co\/gsr\/wp-json\/wp\/v2\/pages\/267","targetHints":{"allow":["GET"]}}],"collection":[{"href":"https:\/\/www.gimnasiosantorey.edu.co\/gsr\/wp-json\/wp\/v2\/pages"}],"about":[{"href":"https:\/\/www.gimnasiosantorey.edu.co\/gsr\/wp-json\/wp\/v2\/types\/page"}],"author":[{"embeddable":true,"href":"https:\/\/www.gimnasiosantorey.edu.co\/gsr\/wp-json\/wp\/v2\/users\/1"}],"replies":[{"embeddable":true,"href":"https:\/\/www.gimnasiosantorey.edu.co\/gsr\/wp-json\/wp\/v2\/comments?post=267"}],"version-history":[{"count":15,"href":"https:\/\/www.gimnasiosantorey.edu.co\/gsr\/wp-json\/wp\/v2\/pages\/267\/revisions"}],"predecessor-version":[{"id":7109,"href":"https:\/\/www.gimnasiosantorey.edu.co\/gsr\/wp-json\/wp\/v2\/pages\/267\/revisions\/7109"}],"wp:attachment":[{"href":"https:\/\/www.gimnasiosantorey.edu.co\/gsr\/wp-json\/wp\/v2\/media?parent=267"}],"curies":[{"name":"wp","href":"https:\/\/api.w.org\/{rel}","templated":true}]}}