{"id":485,"date":"2017-02-14T10:33:40","date_gmt":"2017-02-14T10:33:40","guid":{"rendered":"http:\/\/gt3demo.com\/wp\/wizeedu\/?page_id=485"},"modified":"2025-05-02T11:47:18","modified_gmt":"2025-05-02T16:47:18","slug":"horizonte-institucional","status":"publish","type":"page","link":"https:\/\/www.gimnasiosantorey.edu.co\/gsr\/horizonte-institucional\/","title":{"rendered":"Horizonte Institucional"},"content":{"rendered":"<div class=\"wpb-content-wrapper\">[vc_row][vc_column][gt3_spacing height=&#8221;20px&#8221;][vc_column_text]\n<h2 style=\"text-align: center;\"><b>HORIZONTE INSTITUCIONAL<\/b><\/h2>\n[\/vc_column_text][\/vc_column][\/vc_row][vc_row css=&#8221;.vc_custom_1488191103720{margin-top: 40px !important;}&#8221;][vc_column width=&#8221;1\/2&#8243; css=&#8221;.vc_custom_1487077720327{padding-bottom: 40px !important;}&#8221;][vc_separator][vc_column_text]<img loading=\"lazy\" decoding=\"async\" class=\"wp-image-2855 aligncenter\" src=\"http:\/\/www.gimnasiosantorey.edu.co\/gsr\/wp-content\/uploads\/2019\/02\/23616926436_6f624cb4ec_o-300x211.png\" alt=\"\" width=\"936\" height=\"658\" srcset=\"https:\/\/www.gimnasiosantorey.edu.co\/gsr\/wp-content\/uploads\/2019\/02\/23616926436_6f624cb4ec_o-300x211.png 300w, https:\/\/www.gimnasiosantorey.edu.co\/gsr\/wp-content\/uploads\/2019\/02\/23616926436_6f624cb4ec_o-768x539.png 768w, https:\/\/www.gimnasiosantorey.edu.co\/gsr\/wp-content\/uploads\/2019\/02\/23616926436_6f624cb4ec_o-1024x719.png 1024w\" sizes=\"auto, (max-width: 936px) 100vw, 936px\" \/>[\/vc_column_text][vc_separator][\/vc_column][vc_column width=&#8221;1\/2&#8243;][vc_column_text css=&#8221;&#8221;]\n<h4><strong><i>MISI\u00d3N<\/i><\/strong><\/h4>\n<p>Formar ciudadanos integrales con principios cristianos capaces de generar criterios que les garanticen libertad, calidad acad\u00e9mica, desarrollo intelectual constante y el ejercicio de su autonom\u00eda en sociedad.<\/p>\n<h4><strong><i>Pol\u00edtica de calidad<\/i><\/strong><\/h4>\n<p>El concilio de las Asambleas de Dios y el  Colegio Gimnasio Santo Rey est\u00e1n comprometidos con el ofrecimiento de una educaci\u00f3n de calidad con un alto nivel de exigencia espiritual, acad\u00e9mica, convivencial y disciplinaria.  Desde la cosmovisi\u00f3n b\u00edblica se compromete a ofrecer una formaci\u00f3n integral que afecte de manera positiva y s\u00f3lida la espiritualidad, el desarrollo \u00e9tico y moral, el desarrollo intelectual, las capacidades de aprendizaje, la capacidad est\u00e9tica e innovadora..<\/p>\n[\/vc_column_text][gt3_spacing height=&#8221;10px&#8221;][vc_column_text css=&#8221;&#8221;]\n<h4><strong><i>VISI\u00d3N<\/i><\/strong><\/h4>\n<p>Durante el quinquenio 2025 \u2013 2030, el Colegio Gimnasio Santo Rey ser\u00e1 reconocido como una instituci\u00f3n educativa Cristo-c\u00e9ntrica, de alta calidad acad\u00e9mica orientada hacia la formaci\u00f3n de ciudadanos de alto nivel espiritual, \u00e9tico e intelectual.<\/p>\n<h4><strong><i>Mateo 28: 19<br \/>19 Por tanto, id, y haced disc\u00edpulos a todas las naciones, bautiz\u00e1ndolos en el nombre del Padre, y del Hijo, y del Esp\u00edritu Santo; 20 ense\u00f1\u00e1ndoles que guarden todas las cosas que os he mandado; y he aqu\u00ed yo estoy con vosotros todos los d\u00edas, hasta el fin del mundo. Am\u00e9n.<\/i><\/strong><\/h4>\n<p>.<\/p>\n[\/vc_column_text][gt3_spacing height=&#8221;10px&#8221;][gt3_custom_text text_color=&#8221;#000000&#8243; font_size=&#8221;18&#8243; line_height=&#8221;120&#8243; use_theme_fonts=&#8221;&#8221; google_fonts_text=&#8221;font_family:Montserrat%3Aregular%2C700|font_style:400%20regular%3A400%3Anormal&#8221;]\n<h4 style=\"text-align: left;\" align=\"center\"><em><b>FILOSOF\u00cdA INSTITUCIONAL<\/b><\/em><\/h4>\n[\/gt3_custom_text][gt3_spacing height=&#8221;10px&#8221;][vc_column_text]\n<p style=\"text-align: left;\">El colegio GIMNASIO SANTO REY\u00a0 fundamenta\u00a0 su filosof\u00eda en la formaci\u00f3n\u00a0 cristiana e integral de sus\u00a0 educandos dentro de los valores\u00a0 propios del ser humano y su entorno familiar, promoviendo\u00a0 el desarrollo\u00a0 pleno de sus\u00a0 facultades\u00a0 y potenciales\u00a0 humanos, culturales y cient\u00edficos.<span><\/span><\/p>\n[\/vc_column_text][gt3_spacing height=&#8221;10px&#8221;][vc_column_text]\n<p style=\"text-align: left;\">Todo ser humano como creaci\u00f3n de Dios es \u00fanico, trascendente\u00a0 e inteligente, teniendo en cuenta las anteriores caracter\u00edsticas, desde edades muy tempranas\u00a0 a nuestros educandos se les inculca y educa para ser personas\u00a0 eficientes\u00a0 e integrales.<br \/>\n<span><\/span><\/p>\n[\/vc_column_text][gt3_spacing height=&#8221;20px&#8221;][\/vc_column][\/vc_row][vc_row full_width=&#8221;stretch_row&#8221; css=&#8221;.vc_custom_1745505108112{padding-top: 66px !important;padding-bottom: 105px !important;background-image: url(https:\/\/www.gimnasiosantorey.edu.co\/gsr\/wp-content\/uploads\/2025\/04\/GSR.png?id=8263) !important;background-position: center !important;background-repeat: no-repeat !important;background-size: cover !important;}&#8221;][vc_column][gt3_spacing height=&#8221;100px&#8221; responsive_es=&#8221;true&#8221; height_tablet=&#8221;1&#8243; height_mobile=&#8221;1&#8243;][gt3_video_popup title_color=&#8221;#ffffff&#8221; use_theme_fonts_vpopup_title=&#8221;&#8221; google_fonts_vpopup_title=&#8221;font_family:Montserrat%3Aregular%2C700|font_style:700%20bold%20regular%3A700%3Anormal&#8221; video_title=&#8221;Colegio Gimnasio Santo Rey&#8221; video_link=&#8221;https:\/\/www.youtube.com\/watch?v=dnFAHZQUF98&#038;t=2s&#8221;][gt3_spacing height=&#8221;100px&#8221; responsive_es=&#8221;true&#8221; height_tablet=&#8221;1&#8243; height_mobile=&#8221;1&#8243;][\/vc_column][\/vc_row][vc_row][vc_column][gt3_spacing height=&#8221;32px&#8221;][\/vc_column][\/vc_row][vc_row full_width=&#8221;stretch_row_content&#8221; equal_height=&#8221;yes&#8221;][vc_column width=&#8221;1\/2&#8243; css=&#8221;.vc_custom_1560191540238{padding-top: 100px !important;padding-bottom: 100px !important;background-image: url(http:\/\/www.gimnasiosantorey.edu.co\/gsr\/wp-content\/uploads\/2019\/06\/WhatsApp-Image-2019-06-03-at-11.33.12-PM.jpeg?id=3231) !important;background-position: center !important;background-repeat: no-repeat !important;background-size: cover !important;}&#8221;][\/vc_column][vc_column width=&#8221;1\/2&#8243; css=&#8221;.vc_custom_1521630250709{padding-top: 60px !important;padding-right: 8% !important;padding-bottom: 50px !important;padding-left: 8% !important;background-image: url(https:\/\/livewp.site\/wp\/md\/wizeedu\/wp-content\/uploads\/sites\/13\/2017\/02\/section-bg-4.jpg?id=189) !important;}&#8221;][gt3_custom_text text_color=&#8221;#ffffff&#8221; font_size=&#8221;24&#8243; use_theme_fonts=&#8221;&#8221; google_fonts_text=&#8221;font_family:Montserrat%3Aregular%2C700|font_style:700%20bold%20regular%3A700%3Anormal&#8221;]\n<h2>Porque Escoger el Gimnasio Santo Rey?<\/h2>\n[\/gt3_custom_text][gt3_spacing height=&#8221;20px&#8221;][vc_separator color=&#8221;custom&#8221; align=&#8221;align_left&#8221; el_width=&#8221;100px&#8221; accent_color=&#8221;#f39a00&#8243;][gt3_spacing height=&#8221;30px&#8221;][vc_tta_accordion active_section=&#8221;1&#8243; shape=&#8221;true&#8221;][vc_tta_section title=&#8221;Un Colegio Dedicado a los Alumnos&#8221; tab_id=&#8221;1486464733581-e142195b-36c2&#8243;][vc_column_text]Educaci\u00f3n de Calidad[\/vc_column_text][\/vc_tta_section][vc_tta_section title=&#8221;Ense\u00f1anza con Valores&#8221; tab_id=&#8221;1486464733651-67d01a70-5453&#8243;][vc_column_text]Formaci\u00f3n en Valores Cristianos[\/vc_column_text][\/vc_tta_section][vc_tta_section title=&#8221;Lugar Completamente Protegido&#8221; tab_id=&#8221;1486478894108-b3f20343-1d91&#8243;][vc_column_text]Ambiente Escolar Seguro[\/vc_column_text][\/vc_tta_section][vc_tta_section title=&#8221;Nivel de Exigencia Excelente&#8221; tab_id=&#8221;1486478930691-d38d5d37-8984&#8243;][vc_column_text]Calificaci\u00f3in Icfes Superior[\/vc_column_text][\/vc_tta_section][\/vc_tta_accordion][\/vc_column][\/vc_row][vc_row css=&#8221;.vc_custom_1487077142417{padding-top: 71px !important;padding-bottom: 30px !important;}&#8221;][vc_column][gt3_team use_filter=&#8221;&#8221; posts_per_line=&#8221;3&#8243; build_query=&#8221;size:3|order_by:date&#8221; title=&#8221;Conozca Nuestro Equipo&#8221; subtitle=&#8221;El Colegio se enorgullece de ofrecer a los estudiantes un excelente y desafiante programa educativo de escuela primaria y secundaria conduce a la admisi\u00f3n en las principales universidades.&#8221;][\/vc_column][\/vc_row]\n<\/div>","protected":false},"excerpt":{"rendered":"<p>[vc_row][vc_column][gt3_spacing height=&#8221;20px&#8221;][vc_column_text] HORIZONTE INSTITUCIONAL [\/vc_column_text][\/vc_column][\/vc_row][vc_row css=&#8221;.vc_custom_1488191103720{margin-top: 40px !important;}&#8221;][vc_column width=&#8221;1\/2&#8243; css=&#8221;.vc_custom_1487077720327{padding-bottom: 40px !important;}&#8221;][vc_separator][vc_column_text][\/vc_column_text][vc_separator][\/vc_column][vc_column width=&#8221;1\/2&#8243;][vc_column_text css=&#8221;&#8221;] MISI\u00d3N Formar ciudadanos integrales con principios cristianos capaces de generar criterios que les garanticen libertad, calidad [&hellip;]<\/p>\n","protected":false},"author":1,"featured_media":0,"parent":0,"menu_order":0,"comment_status":"closed","ping_status":"closed","template":"","meta":{"footnotes":""},"class_list":["post-485","page","type-page","status-publish","hentry"],"yoast_head":"<!-- This site is optimized with the Yoast SEO plugin v24.4 - https:\/\/yoast.com\/wordpress\/plugins\/seo\/ -->\n<title>Horizonte Institucional - Colegio Gimnasio Santo Rey<\/title>\n<meta name=\"robots\" content=\"index, follow, max-snippet:-1, max-image-preview:large, max-video-preview:-1\" \/>\n<link rel=\"canonical\" href=\"https:\/\/www.gimnasiosantorey.edu.co\/gsr\/horizonte-institucional\/\" \/>\n<meta property=\"og:locale\" content=\"es_ES\" \/>\n<meta property=\"og:type\" content=\"article\" \/>\n<meta property=\"og:title\" content=\"Horizonte Institucional - Colegio Gimnasio Santo Rey\" \/>\n<meta property=\"og:description\" content=\"[vc_row][vc_column][gt3_spacing height=&#8221;20px&#8221;][vc_column_text] HORIZONTE INSTITUCIONAL [\/vc_column_text][\/vc_column][\/vc_row][vc_row css=&#8221;.vc_custom_1488191103720{margin-top: 40px !important;}&#8221;][vc_column width=&#8221;1\/2&#8243; css=&#8221;.vc_custom_1487077720327{padding-bottom: 40px !important;}&#8221;][vc_separator][vc_column_text][\/vc_column_text][vc_separator][\/vc_column][vc_column width=&#8221;1\/2&#8243;][vc_column_text css=&#8221;&#8221;] MISI\u00d3N Formar ciudadanos integrales con principios cristianos capaces de generar criterios que les garanticen libertad, calidad [&hellip;]\" \/>\n<meta property=\"og:url\" content=\"https:\/\/www.gimnasiosantorey.edu.co\/gsr\/horizonte-institucional\/\" \/>\n<meta property=\"og:site_name\" content=\"Colegio Gimnasio Santo Rey\" \/>\n<meta property=\"article:publisher\" content=\"https:\/\/www.facebook.com\/colegiosantoreyarmenia\/?notif_id=1728497573741947&amp;notif_t=page_user_activity&amp;ref=notif\" \/>\n<meta property=\"article:modified_time\" content=\"2025-05-02T16:47:18+00:00\" \/>\n<meta property=\"og:image\" content=\"https:\/\/www.gimnasiosantorey.edu.co\/gsr\/wp-content\/uploads\/2019\/02\/23616926436_6f624cb4ec_o.png\" \/>\n\t<meta property=\"og:image:width\" content=\"2122\" \/>\n\t<meta property=\"og:image:height\" content=\"1490\" \/>\n\t<meta property=\"og:image:type\" content=\"image\/png\" \/>\n<meta name=\"twitter:card\" content=\"summary_large_image\" \/>\n<meta name=\"twitter:label1\" content=\"Tiempo de lectura\" \/>\n\t<meta name=\"twitter:data1\" content=\"3 minutos\" \/>\n<script type=\"application\/ld+json\" class=\"yoast-schema-graph\">{\"@context\":\"https:\/\/schema.org\",\"@graph\":[{\"@type\":\"WebPage\",\"@id\":\"https:\/\/www.gimnasiosantorey.edu.co\/gsr\/horizonte-institucional\/\",\"url\":\"https:\/\/www.gimnasiosantorey.edu.co\/gsr\/horizonte-institucional\/\",\"name\":\"Horizonte Institucional - Colegio Gimnasio Santo Rey\",\"isPartOf\":{\"@id\":\"https:\/\/www.gimnasiosantorey.edu.co\/gsr\/#website\"},\"primaryImageOfPage\":{\"@id\":\"https:\/\/www.gimnasiosantorey.edu.co\/gsr\/horizonte-institucional\/#primaryimage\"},\"image\":{\"@id\":\"https:\/\/www.gimnasiosantorey.edu.co\/gsr\/horizonte-institucional\/#primaryimage\"},\"thumbnailUrl\":\"http:\/\/www.gimnasiosantorey.edu.co\/gsr\/wp-content\/uploads\/2019\/02\/23616926436_6f624cb4ec_o-300x211.png\",\"datePublished\":\"2017-02-14T10:33:40+00:00\",\"dateModified\":\"2025-05-02T16:47:18+00:00\",\"breadcrumb\":{\"@id\":\"https:\/\/www.gimnasiosantorey.edu.co\/gsr\/horizonte-institucional\/#breadcrumb\"},\"inLanguage\":\"es\",\"potentialAction\":[{\"@type\":\"ReadAction\",\"target\":[\"https:\/\/www.gimnasiosantorey.edu.co\/gsr\/horizonte-institucional\/\"]}]},{\"@type\":\"ImageObject\",\"inLanguage\":\"es\",\"@id\":\"https:\/\/www.gimnasiosantorey.edu.co\/gsr\/horizonte-institucional\/#primaryimage\",\"url\":\"https:\/\/www.gimnasiosantorey.edu.co\/gsr\/wp-content\/uploads\/2019\/02\/23616926436_6f624cb4ec_o.png\",\"contentUrl\":\"https:\/\/www.gimnasiosantorey.edu.co\/gsr\/wp-content\/uploads\/2019\/02\/23616926436_6f624cb4ec_o.png\",\"width\":2122,\"height\":1490},{\"@type\":\"BreadcrumbList\",\"@id\":\"https:\/\/www.gimnasiosantorey.edu.co\/gsr\/horizonte-institucional\/#breadcrumb\",\"itemListElement\":[{\"@type\":\"ListItem\",\"position\":1,\"name\":\"Portada\",\"item\":\"https:\/\/www.gimnasiosantorey.edu.co\/gsr\/\"},{\"@type\":\"ListItem\",\"position\":2,\"name\":\"Horizonte Institucional\"}]},{\"@type\":\"WebSite\",\"@id\":\"https:\/\/www.gimnasiosantorey.edu.co\/gsr\/#website\",\"url\":\"https:\/\/www.gimnasiosantorey.edu.co\/gsr\/\",\"name\":\"Colegio Gimnasio Santo Rey\",\"description\":\"Colegio Gimnasio Santo Rey\",\"publisher\":{\"@id\":\"https:\/\/www.gimnasiosantorey.edu.co\/gsr\/#organization\"},\"potentialAction\":[{\"@type\":\"SearchAction\",\"target\":{\"@type\":\"EntryPoint\",\"urlTemplate\":\"https:\/\/www.gimnasiosantorey.edu.co\/gsr\/?s={search_term_string}\"},\"query-input\":{\"@type\":\"PropertyValueSpecification\",\"valueRequired\":true,\"valueName\":\"search_term_string\"}}],\"inLanguage\":\"es\"},{\"@type\":\"Organization\",\"@id\":\"https:\/\/www.gimnasiosantorey.edu.co\/gsr\/#organization\",\"name\":\"Colegio Gimnasio Santo Rey\",\"url\":\"https:\/\/www.gimnasiosantorey.edu.co\/gsr\/\",\"logo\":{\"@type\":\"ImageObject\",\"inLanguage\":\"es\",\"@id\":\"https:\/\/www.gimnasiosantorey.edu.co\/gsr\/#\/schema\/logo\/image\/\",\"url\":\"https:\/\/www.gimnasiosantorey.edu.co\/gsr\/wp-content\/uploads\/2022\/02\/SAnto-Rey.jpg\",\"contentUrl\":\"https:\/\/www.gimnasiosantorey.edu.co\/gsr\/wp-content\/uploads\/2022\/02\/SAnto-Rey.jpg\",\"width\":225,\"height\":225,\"caption\":\"Colegio Gimnasio Santo Rey\"},\"image\":{\"@id\":\"https:\/\/www.gimnasiosantorey.edu.co\/gsr\/#\/schema\/logo\/image\/\"},\"sameAs\":[\"https:\/\/www.facebook.com\/colegiosantoreyarmenia\/?notif_id=1728497573741947&notif_t=page_user_activity&ref=notif\"]}]}<\/script>\n<!-- \/ Yoast SEO plugin. -->","yoast_head_json":{"title":"Horizonte Institucional - Colegio Gimnasio Santo Rey","robots":{"index":"index","follow":"follow","max-snippet":"max-snippet:-1","max-image-preview":"max-image-preview:large","max-video-preview":"max-video-preview:-1"},"canonical":"https:\/\/www.gimnasiosantorey.edu.co\/gsr\/horizonte-institucional\/","og_locale":"es_ES","og_type":"article","og_title":"Horizonte Institucional - Colegio Gimnasio Santo Rey","og_description":"[vc_row][vc_column][gt3_spacing height=&#8221;20px&#8221;][vc_column_text] HORIZONTE INSTITUCIONAL [\/vc_column_text][\/vc_column][\/vc_row][vc_row css=&#8221;.vc_custom_1488191103720{margin-top: 40px !important;}&#8221;][vc_column width=&#8221;1\/2&#8243; css=&#8221;.vc_custom_1487077720327{padding-bottom: 40px !important;}&#8221;][vc_separator][vc_column_text][\/vc_column_text][vc_separator][\/vc_column][vc_column width=&#8221;1\/2&#8243;][vc_column_text css=&#8221;&#8221;] MISI\u00d3N Formar ciudadanos integrales con principios cristianos capaces de generar criterios que les garanticen libertad, calidad [&hellip;]","og_url":"https:\/\/www.gimnasiosantorey.edu.co\/gsr\/horizonte-institucional\/","og_site_name":"Colegio Gimnasio Santo Rey","article_publisher":"https:\/\/www.facebook.com\/colegiosantoreyarmenia\/?notif_id=1728497573741947&notif_t=page_user_activity&ref=notif","article_modified_time":"2025-05-02T16:47:18+00:00","og_image":[{"width":2122,"height":1490,"url":"https:\/\/www.gimnasiosantorey.edu.co\/gsr\/wp-content\/uploads\/2019\/02\/23616926436_6f624cb4ec_o.png","type":"image\/png"}],"twitter_card":"summary_large_image","twitter_misc":{"Tiempo de lectura":"3 minutos"},"schema":{"@context":"https:\/\/schema.org","@graph":[{"@type":"WebPage","@id":"https:\/\/www.gimnasiosantorey.edu.co\/gsr\/horizonte-institucional\/","url":"https:\/\/www.gimnasiosantorey.edu.co\/gsr\/horizonte-institucional\/","name":"Horizonte Institucional - Colegio Gimnasio Santo Rey","isPartOf":{"@id":"https:\/\/www.gimnasiosantorey.edu.co\/gsr\/#website"},"primaryImageOfPage":{"@id":"https:\/\/www.gimnasiosantorey.edu.co\/gsr\/horizonte-institucional\/#primaryimage"},"image":{"@id":"https:\/\/www.gimnasiosantorey.edu.co\/gsr\/horizonte-institucional\/#primaryimage"},"thumbnailUrl":"http:\/\/www.gimnasiosantorey.edu.co\/gsr\/wp-content\/uploads\/2019\/02\/23616926436_6f624cb4ec_o-300x211.png","datePublished":"2017-02-14T10:33:40+00:00","dateModified":"2025-05-02T16:47:18+00:00","breadcrumb":{"@id":"https:\/\/www.gimnasiosantorey.edu.co\/gsr\/horizonte-institucional\/#breadcrumb"},"inLanguage":"es","potentialAction":[{"@type":"ReadAction","target":["https:\/\/www.gimnasiosantorey.edu.co\/gsr\/horizonte-institucional\/"]}]},{"@type":"ImageObject","inLanguage":"es","@id":"https:\/\/www.gimnasiosantorey.edu.co\/gsr\/horizonte-institucional\/#primaryimage","url":"https:\/\/www.gimnasiosantorey.edu.co\/gsr\/wp-content\/uploads\/2019\/02\/23616926436_6f624cb4ec_o.png","contentUrl":"https:\/\/www.gimnasiosantorey.edu.co\/gsr\/wp-content\/uploads\/2019\/02\/23616926436_6f624cb4ec_o.png","width":2122,"height":1490},{"@type":"BreadcrumbList","@id":"https:\/\/www.gimnasiosantorey.edu.co\/gsr\/horizonte-institucional\/#breadcrumb","itemListElement":[{"@type":"ListItem","position":1,"name":"Portada","item":"https:\/\/www.gimnasiosantorey.edu.co\/gsr\/"},{"@type":"ListItem","position":2,"name":"Horizonte Institucional"}]},{"@type":"WebSite","@id":"https:\/\/www.gimnasiosantorey.edu.co\/gsr\/#website","url":"https:\/\/www.gimnasiosantorey.edu.co\/gsr\/","name":"Colegio Gimnasio Santo Rey","description":"Colegio Gimnasio Santo Rey","publisher":{"@id":"https:\/\/www.gimnasiosantorey.edu.co\/gsr\/#organization"},"potentialAction":[{"@type":"SearchAction","target":{"@type":"EntryPoint","urlTemplate":"https:\/\/www.gimnasiosantorey.edu.co\/gsr\/?s={search_term_string}"},"query-input":{"@type":"PropertyValueSpecification","valueRequired":true,"valueName":"search_term_string"}}],"inLanguage":"es"},{"@type":"Organization","@id":"https:\/\/www.gimnasiosantorey.edu.co\/gsr\/#organization","name":"Colegio Gimnasio Santo Rey","url":"https:\/\/www.gimnasiosantorey.edu.co\/gsr\/","logo":{"@type":"ImageObject","inLanguage":"es","@id":"https:\/\/www.gimnasiosantorey.edu.co\/gsr\/#\/schema\/logo\/image\/","url":"https:\/\/www.gimnasiosantorey.edu.co\/gsr\/wp-content\/uploads\/2022\/02\/SAnto-Rey.jpg","contentUrl":"https:\/\/www.gimnasiosantorey.edu.co\/gsr\/wp-content\/uploads\/2022\/02\/SAnto-Rey.jpg","width":225,"height":225,"caption":"Colegio Gimnasio Santo Rey"},"image":{"@id":"https:\/\/www.gimnasiosantorey.edu.co\/gsr\/#\/schema\/logo\/image\/"},"sameAs":["https:\/\/www.facebook.com\/colegiosantoreyarmenia\/?notif_id=1728497573741947&notif_t=page_user_activity&ref=notif"]}]}},"_links":{"self":[{"href":"https:\/\/www.gimnasiosantorey.edu.co\/gsr\/wp-json\/wp\/v2\/pages\/485","targetHints":{"allow":["GET"]}}],"collection":[{"href":"https:\/\/www.gimnasiosantorey.edu.co\/gsr\/wp-json\/wp\/v2\/pages"}],"about":[{"href":"https:\/\/www.gimnasiosantorey.edu.co\/gsr\/wp-json\/wp\/v2\/types\/page"}],"author":[{"embeddable":true,"href":"https:\/\/www.gimnasiosantorey.edu.co\/gsr\/wp-json\/wp\/v2\/users\/1"}],"replies":[{"embeddable":true,"href":"https:\/\/www.gimnasiosantorey.edu.co\/gsr\/wp-json\/wp\/v2\/comments?post=485"}],"version-history":[{"count":46,"href":"https:\/\/www.gimnasiosantorey.edu.co\/gsr\/wp-json\/wp\/v2\/pages\/485\/revisions"}],"predecessor-version":[{"id":8294,"href":"https:\/\/www.gimnasiosantorey.edu.co\/gsr\/wp-json\/wp\/v2\/pages\/485\/revisions\/8294"}],"wp:attachment":[{"href":"https:\/\/www.gimnasiosantorey.edu.co\/gsr\/wp-json\/wp\/v2\/media?parent=485"}],"curies":[{"name":"wp","href":"https:\/\/api.w.org\/{rel}","templated":true}]}}