{"id":6527,"date":"2024-07-25T08:31:54","date_gmt":"2024-07-25T13:31:54","guid":{"rendered":"https:\/\/www.gimnasiosantorey.edu.co\/gsr\/?page_id=6527"},"modified":"2024-07-25T09:16:30","modified_gmt":"2024-07-25T14:16:30","slug":"felicitaciones-gsr","status":"publish","type":"page","link":"https:\/\/www.gimnasiosantorey.edu.co\/gsr\/felicitaciones-gsr\/","title":{"rendered":"Felicitaciones GSR"},"content":{"rendered":"<div class=\"wpb-content-wrapper\">[vc_row][vc_column][gt3_testimonials][gt3_testimonial_item select_rate=&#8221;none&#8221;]\n<h3>\u00a1Felicidades a Gabriela Duque Tabares por lograr el primer puesto en los Panamericanos de patinaje! Tu dedicaci\u00f3n y esfuerzo son un ejemplo para todos.<\/h3>\n<h3>Y congratulaciones a Juan Jos\u00e9 Mar\u00edn Latorre por convertirse en campe\u00f3n nacional de SAVATE (<span>kickboxing franc\u00e9s)<\/span>. \u00a1Tu perseverancia ha dado sus frutos!<\/h3>\n<h3>\u00a1Sigan alcanzando grandes \u00e9xitos!<\/h3>\n[\/gt3_testimonial_item][\/gt3_testimonials][gt3_message_box background=&#8221;#0769bf&#8221; text_color=&#8221;#ffffff&#8221; closable=&#8221;&#8221; text=&#8221;Gabriela Duque Tabares&#8221;][gt3_image_box thumbnail=&#8221;6531&#8243; image_position=&#8221;top&#8221; title_tag=&#8221;h2&#8243; title_color=&#8221;#192041&#8243; text_color=&#8221;#3c434b&#8221; link_color=&#8221;#a22531&#8243; link_hover_color=&#8221;#192041&#8243; new_tab=&#8221;&#8221;][gt3_spacing height=&#8221;64px&#8221;][gt3_message_box background=&#8221;#0769bf&#8221; text_color=&#8221;#ffffff&#8221; closable=&#8221;&#8221; text=&#8221;Juan Jos\u00e9 Mar\u00edn Latorre&#8221;][gt3_image_box thumbnail=&#8221;6528&#8243; image_position=&#8221;top&#8221; title_tag=&#8221;h2&#8243; title_color=&#8221;#192041&#8243; text_color=&#8221;#3c434b&#8221; link_color=&#8221;#a22531&#8243; link_hover_color=&#8221;#192041&#8243; new_tab=&#8221;&#8221;][gt3_spacing height=&#8221;64px&#8221;][gt3_image_box thumbnail=&#8221;6529&#8243; image_position=&#8221;top&#8221; title_tag=&#8221;h2&#8243; title_color=&#8221;#192041&#8243; text_color=&#8221;#3c434b&#8221; link_color=&#8221;#a22531&#8243; link_hover_color=&#8221;#192041&#8243; new_tab=&#8221;&#8221;][gt3_spacing height=&#8221;64px&#8221;][gt3_custom_text text_color=&#8221;#3c434b&#8221; font_size=&#8221;14&#8243;]<iframe loading=\"lazy\"  id=\"_ytid_67434\"  width=\"940\" height=\"528\"  data-origwidth=\"940\" data-origheight=\"528\"  data-relstop=\"1\" src=\"https:\/\/www.youtube.com\/embed\/iQTTK4Jfe4A?enablejsapi=1&autoplay=0&cc_load_policy=0&cc_lang_pref=&iv_load_policy=1&loop=0&modestbranding=1&rel=0&fs=1&playsinline=0&autohide=2&theme=dark&color=red&controls=1&\" class=\"__youtube_prefs__  no-lazyload\" title=\"YouTube player\"  allow=\"fullscreen; accelerometer; autoplay; clipboard-write; encrypted-media; gyroscope; picture-in-picture\" allowfullscreen data-no-lazy=\"1\" data-skipgform_ajax_framebjll=\"\"><\/iframe>[\/gt3_custom_text][\/vc_column][\/vc_row]\n<\/div>","protected":false},"excerpt":{"rendered":"<p>[vc_row][vc_column][gt3_testimonials][gt3_testimonial_item select_rate=&#8221;none&#8221;] \u00a1Felicidades a Gabriela Duque Tabares por lograr el primer puesto en los Panamericanos de patinaje! Tu dedicaci\u00f3n y esfuerzo son un ejemplo para todos. Y congratulaciones a Juan [&hellip;]<\/p>\n","protected":false},"author":1,"featured_media":0,"parent":0,"menu_order":0,"comment_status":"closed","ping_status":"closed","template":"","meta":{"footnotes":""},"class_list":["post-6527","page","type-page","status-publish","hentry"],"yoast_head":"<!-- This site is optimized with the Yoast SEO plugin v24.4 - https:\/\/yoast.com\/wordpress\/plugins\/seo\/ -->\n<title>Felicitaciones GSR - Colegio Gimnasio Santo Rey<\/title>\n<meta name=\"robots\" content=\"index, follow, max-snippet:-1, max-image-preview:large, max-video-preview:-1\" \/>\n<link rel=\"canonical\" href=\"https:\/\/www.gimnasiosantorey.edu.co\/gsr\/felicitaciones-gsr\/\" \/>\n<meta property=\"og:locale\" content=\"es_ES\" \/>\n<meta property=\"og:type\" content=\"article\" \/>\n<meta property=\"og:title\" content=\"Felicitaciones GSR - Colegio Gimnasio Santo Rey\" \/>\n<meta property=\"og:description\" content=\"[vc_row][vc_column][gt3_testimonials][gt3_testimonial_item select_rate=&#8221;none&#8221;] \u00a1Felicidades a Gabriela Duque Tabares por lograr el primer puesto en los Panamericanos de patinaje! Tu dedicaci\u00f3n y esfuerzo son un ejemplo para todos. Y congratulaciones a Juan [&hellip;]\" \/>\n<meta property=\"og:url\" content=\"https:\/\/www.gimnasiosantorey.edu.co\/gsr\/felicitaciones-gsr\/\" \/>\n<meta property=\"og:site_name\" content=\"Colegio Gimnasio Santo Rey\" \/>\n<meta property=\"article:publisher\" content=\"https:\/\/www.facebook.com\/colegiosantoreyarmenia\/?notif_id=1728497573741947&amp;notif_t=page_user_activity&amp;ref=notif\" \/>\n<meta property=\"article:modified_time\" content=\"2024-07-25T14:16:30+00:00\" \/>\n<meta name=\"twitter:card\" content=\"summary_large_image\" \/>\n<meta name=\"twitter:label1\" content=\"Tiempo de lectura\" \/>\n\t<meta name=\"twitter:data1\" content=\"1 minuto\" \/>\n<script type=\"application\/ld+json\" class=\"yoast-schema-graph\">{\"@context\":\"https:\/\/schema.org\",\"@graph\":[{\"@type\":\"WebPage\",\"@id\":\"https:\/\/www.gimnasiosantorey.edu.co\/gsr\/felicitaciones-gsr\/\",\"url\":\"https:\/\/www.gimnasiosantorey.edu.co\/gsr\/felicitaciones-gsr\/\",\"name\":\"Felicitaciones GSR - Colegio Gimnasio Santo Rey\",\"isPartOf\":{\"@id\":\"https:\/\/www.gimnasiosantorey.edu.co\/gsr\/#website\"},\"datePublished\":\"2024-07-25T13:31:54+00:00\",\"dateModified\":\"2024-07-25T14:16:30+00:00\",\"breadcrumb\":{\"@id\":\"https:\/\/www.gimnasiosantorey.edu.co\/gsr\/felicitaciones-gsr\/#breadcrumb\"},\"inLanguage\":\"es\",\"potentialAction\":[{\"@type\":\"ReadAction\",\"target\":[\"https:\/\/www.gimnasiosantorey.edu.co\/gsr\/felicitaciones-gsr\/\"]}]},{\"@type\":\"BreadcrumbList\",\"@id\":\"https:\/\/www.gimnasiosantorey.edu.co\/gsr\/felicitaciones-gsr\/#breadcrumb\",\"itemListElement\":[{\"@type\":\"ListItem\",\"position\":1,\"name\":\"Portada\",\"item\":\"https:\/\/www.gimnasiosantorey.edu.co\/gsr\/\"},{\"@type\":\"ListItem\",\"position\":2,\"name\":\"Felicitaciones GSR\"}]},{\"@type\":\"WebSite\",\"@id\":\"https:\/\/www.gimnasiosantorey.edu.co\/gsr\/#website\",\"url\":\"https:\/\/www.gimnasiosantorey.edu.co\/gsr\/\",\"name\":\"Colegio Gimnasio Santo Rey\",\"description\":\"Colegio Gimnasio Santo Rey\",\"publisher\":{\"@id\":\"https:\/\/www.gimnasiosantorey.edu.co\/gsr\/#organization\"},\"potentialAction\":[{\"@type\":\"SearchAction\",\"target\":{\"@type\":\"EntryPoint\",\"urlTemplate\":\"https:\/\/www.gimnasiosantorey.edu.co\/gsr\/?s={search_term_string}\"},\"query-input\":{\"@type\":\"PropertyValueSpecification\",\"valueRequired\":true,\"valueName\":\"search_term_string\"}}],\"inLanguage\":\"es\"},{\"@type\":\"Organization\",\"@id\":\"https:\/\/www.gimnasiosantorey.edu.co\/gsr\/#organization\",\"name\":\"Colegio Gimnasio Santo Rey\",\"url\":\"https:\/\/www.gimnasiosantorey.edu.co\/gsr\/\",\"logo\":{\"@type\":\"ImageObject\",\"inLanguage\":\"es\",\"@id\":\"https:\/\/www.gimnasiosantorey.edu.co\/gsr\/#\/schema\/logo\/image\/\",\"url\":\"https:\/\/www.gimnasiosantorey.edu.co\/gsr\/wp-content\/uploads\/2022\/02\/SAnto-Rey.jpg\",\"contentUrl\":\"https:\/\/www.gimnasiosantorey.edu.co\/gsr\/wp-content\/uploads\/2022\/02\/SAnto-Rey.jpg\",\"width\":225,\"height\":225,\"caption\":\"Colegio Gimnasio Santo Rey\"},\"image\":{\"@id\":\"https:\/\/www.gimnasiosantorey.edu.co\/gsr\/#\/schema\/logo\/image\/\"},\"sameAs\":[\"https:\/\/www.facebook.com\/colegiosantoreyarmenia\/?notif_id=1728497573741947&notif_t=page_user_activity&ref=notif\"]}]}<\/script>\n<!-- \/ Yoast SEO plugin. -->","yoast_head_json":{"title":"Felicitaciones GSR - Colegio Gimnasio Santo Rey","robots":{"index":"index","follow":"follow","max-snippet":"max-snippet:-1","max-image-preview":"max-image-preview:large","max-video-preview":"max-video-preview:-1"},"canonical":"https:\/\/www.gimnasiosantorey.edu.co\/gsr\/felicitaciones-gsr\/","og_locale":"es_ES","og_type":"article","og_title":"Felicitaciones GSR - Colegio Gimnasio Santo Rey","og_description":"[vc_row][vc_column][gt3_testimonials][gt3_testimonial_item select_rate=&#8221;none&#8221;] \u00a1Felicidades a Gabriela Duque Tabares por lograr el primer puesto en los Panamericanos de patinaje! Tu dedicaci\u00f3n y esfuerzo son un ejemplo para todos. Y congratulaciones a Juan [&hellip;]","og_url":"https:\/\/www.gimnasiosantorey.edu.co\/gsr\/felicitaciones-gsr\/","og_site_name":"Colegio Gimnasio Santo Rey","article_publisher":"https:\/\/www.facebook.com\/colegiosantoreyarmenia\/?notif_id=1728497573741947&notif_t=page_user_activity&ref=notif","article_modified_time":"2024-07-25T14:16:30+00:00","twitter_card":"summary_large_image","twitter_misc":{"Tiempo de lectura":"1 minuto"},"schema":{"@context":"https:\/\/schema.org","@graph":[{"@type":"WebPage","@id":"https:\/\/www.gimnasiosantorey.edu.co\/gsr\/felicitaciones-gsr\/","url":"https:\/\/www.gimnasiosantorey.edu.co\/gsr\/felicitaciones-gsr\/","name":"Felicitaciones GSR - Colegio Gimnasio Santo Rey","isPartOf":{"@id":"https:\/\/www.gimnasiosantorey.edu.co\/gsr\/#website"},"datePublished":"2024-07-25T13:31:54+00:00","dateModified":"2024-07-25T14:16:30+00:00","breadcrumb":{"@id":"https:\/\/www.gimnasiosantorey.edu.co\/gsr\/felicitaciones-gsr\/#breadcrumb"},"inLanguage":"es","potentialAction":[{"@type":"ReadAction","target":["https:\/\/www.gimnasiosantorey.edu.co\/gsr\/felicitaciones-gsr\/"]}]},{"@type":"BreadcrumbList","@id":"https:\/\/www.gimnasiosantorey.edu.co\/gsr\/felicitaciones-gsr\/#breadcrumb","itemListElement":[{"@type":"ListItem","position":1,"name":"Portada","item":"https:\/\/www.gimnasiosantorey.edu.co\/gsr\/"},{"@type":"ListItem","position":2,"name":"Felicitaciones GSR"}]},{"@type":"WebSite","@id":"https:\/\/www.gimnasiosantorey.edu.co\/gsr\/#website","url":"https:\/\/www.gimnasiosantorey.edu.co\/gsr\/","name":"Colegio Gimnasio Santo Rey","description":"Colegio Gimnasio Santo Rey","publisher":{"@id":"https:\/\/www.gimnasiosantorey.edu.co\/gsr\/#organization"},"potentialAction":[{"@type":"SearchAction","target":{"@type":"EntryPoint","urlTemplate":"https:\/\/www.gimnasiosantorey.edu.co\/gsr\/?s={search_term_string}"},"query-input":{"@type":"PropertyValueSpecification","valueRequired":true,"valueName":"search_term_string"}}],"inLanguage":"es"},{"@type":"Organization","@id":"https:\/\/www.gimnasiosantorey.edu.co\/gsr\/#organization","name":"Colegio Gimnasio Santo Rey","url":"https:\/\/www.gimnasiosantorey.edu.co\/gsr\/","logo":{"@type":"ImageObject","inLanguage":"es","@id":"https:\/\/www.gimnasiosantorey.edu.co\/gsr\/#\/schema\/logo\/image\/","url":"https:\/\/www.gimnasiosantorey.edu.co\/gsr\/wp-content\/uploads\/2022\/02\/SAnto-Rey.jpg","contentUrl":"https:\/\/www.gimnasiosantorey.edu.co\/gsr\/wp-content\/uploads\/2022\/02\/SAnto-Rey.jpg","width":225,"height":225,"caption":"Colegio Gimnasio Santo Rey"},"image":{"@id":"https:\/\/www.gimnasiosantorey.edu.co\/gsr\/#\/schema\/logo\/image\/"},"sameAs":["https:\/\/www.facebook.com\/colegiosantoreyarmenia\/?notif_id=1728497573741947&notif_t=page_user_activity&ref=notif"]}]}},"_links":{"self":[{"href":"https:\/\/www.gimnasiosantorey.edu.co\/gsr\/wp-json\/wp\/v2\/pages\/6527","targetHints":{"allow":["GET"]}}],"collection":[{"href":"https:\/\/www.gimnasiosantorey.edu.co\/gsr\/wp-json\/wp\/v2\/pages"}],"about":[{"href":"https:\/\/www.gimnasiosantorey.edu.co\/gsr\/wp-json\/wp\/v2\/types\/page"}],"author":[{"embeddable":true,"href":"https:\/\/www.gimnasiosantorey.edu.co\/gsr\/wp-json\/wp\/v2\/users\/1"}],"replies":[{"embeddable":true,"href":"https:\/\/www.gimnasiosantorey.edu.co\/gsr\/wp-json\/wp\/v2\/comments?post=6527"}],"version-history":[{"count":14,"href":"https:\/\/www.gimnasiosantorey.edu.co\/gsr\/wp-json\/wp\/v2\/pages\/6527\/revisions"}],"predecessor-version":[{"id":6545,"href":"https:\/\/www.gimnasiosantorey.edu.co\/gsr\/wp-json\/wp\/v2\/pages\/6527\/revisions\/6545"}],"wp:attachment":[{"href":"https:\/\/www.gimnasiosantorey.edu.co\/gsr\/wp-json\/wp\/v2\/media?parent=6527"}],"curies":[{"name":"wp","href":"https:\/\/api.w.org\/{rel}","templated":true}]}}