{"id":690,"date":"2017-02-15T13:53:47","date_gmt":"2017-02-15T13:53:47","guid":{"rendered":"http:\/\/gt3demo.com\/wp\/wizeedu\/?page_id=690"},"modified":"2024-12-11T13:53:29","modified_gmt":"2024-12-11T18:53:29","slug":"admissions","status":"publish","type":"page","link":"https:\/\/www.gimnasiosantorey.edu.co\/gsr\/admissions\/","title":{"rendered":"Admisiones"},"content":{"rendered":"<div class=\"wpb-content-wrapper\">[vc_row full_width=&#8221;stretch_row&#8221; css=&#8221;.vc_custom_1550684312122{padding-top: 40px !important;padding-bottom: 50px !important;background-image: url(https:\/\/livewp.site\/wp\/md\/wizeedu\/wp-content\/uploads\/sites\/13\/2017\/02\/section-bg-5.jpg?id=215) !important;background-position: center !important;background-repeat: no-repeat !important;background-size: cover !important;}&#8221;][vc_column][vc_column_text]\n<h1 style=\"text-align: center;\">Admisiones<\/h1>\n[\/vc_column_text][gt3_spacing height=&#8221;30px&#8221; responsive_es=&#8221;true&#8221; height_tablet=&#8221;20&#8243; height_mobile=&#8221;20&#8243;][\/vc_column][\/vc_row][vc_row full_width=&#8221;stretch_row_content&#8221; equal_height=&#8221;yes&#8221;][vc_column width=&#8221;1\/2&#8243; css=&#8221;.vc_custom_1561647272688{padding-top: 100px !important;padding-bottom: 100px !important;background-image: url(http:\/\/www.gimnasiosantorey.edu.co\/gsr\/wp-content\/uploads\/2019\/06\/Banner-Admisiones.png?id=3346) !important;background-position: center !important;background-repeat: no-repeat !important;background-size: cover !important;}&#8221;][\/vc_column][vc_column width=&#8221;1\/2&#8243; css=&#8221;.vc_custom_1521630680805{padding-top: 60px !important;padding-right: 8% !important;padding-bottom: 50px !important;padding-left: 8% !important;background-image: url(https:\/\/livewp.site\/wp\/md\/wizeedu\/wp-content\/uploads\/sites\/13\/2017\/02\/section-bg-4.jpg?id=189) !important;}&#8221;][gt3_custom_text text_color=&#8221;#ffffff&#8221; font_size=&#8221;24&#8243; use_theme_fonts=&#8221;&#8221; google_fonts_text=&#8221;font_family:Montserrat%3Aregular%2C700|font_style:700%20bold%20regular%3A700%3Anormal&#8221;]\n<h2>Porque escoger el Colegio Gimnasio Santo Rey?<\/h2>\n[\/gt3_custom_text][gt3_spacing height=&#8221;20px&#8221;][vc_separator color=&#8221;custom&#8221; align=&#8221;align_left&#8221; el_width=&#8221;75px&#8221; accent_color=&#8221;#f39a00&#8243;][gt3_spacing height=&#8221;30px&#8221;][vc_tta_accordion active_section=&#8221;1&#8243; shape=&#8221;true&#8221;][vc_tta_section title=&#8221;Educaci\u00f3n Hacia la Excelencia&#8221; tab_id=&#8221;1486464733581-e142195b-36c2&#8243;][vc_column_text]Nuestra instituci\u00f3n quiere generar un proceso de formaci\u00f3n coherente y constante, en busqueda del mejoramiento a todo nivel.[\/vc_column_text][\/vc_tta_section][vc_tta_section title=&#8221;Formaci\u00f3n en Valores Cristianos&#8221; tab_id=&#8221;1486464733651-67d01a70-5453&#8243;][vc_column_text]Nuestro Colegio esta sustentado y soportado en la Roca, que es Jesucristo; El es nuestro modelo social, educativo y de vida.[\/vc_column_text][\/vc_tta_section][vc_tta_section title=&#8221;Ambiente Escolar Seguro&#8221; tab_id=&#8221;1486478894108-b3f20343-1d91&#8243;][vc_column_text]Espacio donde cada uno de los miembros de la comunidad educativa interactuan en un ambiente de sana convivencia, aceptaci\u00f3n, respeto y tolerancia, aceptando sus diferencias y am\u00e1ndose con ellas[\/vc_column_text][\/vc_tta_section][vc_tta_section title=&#8221;Calificaci\u00f3n ICFES Muy Superior&#8221; tab_id=&#8221;1486478930691-d38d5d37-8984&#8243;][vc_column_text css=&#8221;&#8221;]Llevamos 5 a\u00f1os consecutivos en nivel muy superior y buscando el mejor nivel para ofrecer excelencia a los estudiantes.[\/vc_column_text][\/vc_tta_section][\/vc_tta_accordion][\/vc_column][\/vc_row][vc_row css=&#8221;.vc_custom_1486541332092{padding-bottom: 50px !important;}&#8221;][vc_column][vc_row_inner][vc_column_inner width=&#8221;2\/3&#8243; offset=&#8221;vc_col-sm-offset-2&#8243;][gt3_spacing height=&#8221;75px&#8221;][vc_column_text]\n<h2 style=\"text-align: center;\"><strong>Proceso de Admisi\u00f3n<br \/>\n<\/strong><\/h2>\n[\/vc_column_text][gt3_spacing height=&#8221;4px&#8221;][\/vc_column_inner][\/vc_row_inner][\/vc_column][\/vc_row][vc_row][vc_column width=&#8221;1\/3&#8243;][gt3_icon_box icon_type=&#8221;font&#8221; icon_fontawesome=&#8221;fa fa-calendar&#8221; icon_position=&#8221;top&#8221; circle_bg=&#8221;#e9eaee&#8221; icon_size=&#8221;custom&#8221; custom_icon_size=&#8221;30&#8243; icon_color=&#8221;#a22531&#8243; title_tag=&#8221;h3&#8243; iconbox_title_size=&#8221;18&#8243; use_theme_fonts_iconbox_title=&#8221;&#8221; google_fonts_iconbox_title=&#8221;font_family:Montserrat%3Aregular%2C700|font_style:700%20bold%20regular%3A700%3Anormal&#8221; iconbox_content_size=&#8221;16&#8243; title_color=&#8221;#192041&#8243; text_color=&#8221;#3c434b&#8221; link_color=&#8221;#a22531&#8243; link_hover_color=&#8221;#192041&#8243; new_tab=&#8221;&#8221; icon_circle=&#8221;true&#8221; icon_add_number=&#8221;true&#8221; heading=&#8221;Registro&#8221; text=&#8221;llenar formulario de inscripci\u00f3n<br \/>\ny cancelar $ 15.000= en secretar\u00eda.&#8221; icon_number=&#8221;1&#8243;][gt3_spacing height=&#8221;65px&#8221;][\/vc_column][vc_column width=&#8221;1\/3&#8243;][gt3_icon_box icon_type=&#8221;font&#8221; icon_fontawesome=&#8221;fa fa-check&#8221; icon_position=&#8221;top&#8221; circle_bg=&#8221;#e9eaee&#8221; icon_size=&#8221;custom&#8221; custom_icon_size=&#8221;30&#8243; icon_color=&#8221;#a22531&#8243; title_tag=&#8221;h3&#8243; iconbox_title_size=&#8221;18&#8243; use_theme_fonts_iconbox_title=&#8221;&#8221; google_fonts_iconbox_title=&#8221;font_family:Montserrat%3Aregular%2C700|font_style:700%20bold%20regular%3A700%3Anormal&#8221; iconbox_content_size=&#8221;16&#8243; title_color=&#8221;#192041&#8243; text_color=&#8221;#3c434b&#8221; link_color=&#8221;#a22531&#8243; link_hover_color=&#8221;#192041&#8243; new_tab=&#8221;&#8221; icon_circle=&#8221;true&#8221; icon_add_number=&#8221;true&#8221; heading=&#8221;Diagnostico&#8221; text=&#8221;Evaluaci\u00f3n Diagnostica (aplica para grados 1 a 11)&#8221; icon_number=&#8221;2&#8243;][gt3_spacing height=&#8221;65px&#8221;][\/vc_column][vc_column width=&#8221;1\/3&#8243;][gt3_icon_box icon_type=&#8221;font&#8221; icon_fontawesome=&#8221;fa fa-user&#8221; icon_position=&#8221;top&#8221; circle_bg=&#8221;#e9eaee&#8221; icon_size=&#8221;custom&#8221; custom_icon_size=&#8221;30&#8243; icon_color=&#8221;#a22531&#8243; title_tag=&#8221;h3&#8243; iconbox_title_size=&#8221;18&#8243; use_theme_fonts_iconbox_title=&#8221;&#8221; google_fonts_iconbox_title=&#8221;font_family:Montserrat%3Aregular%2C700|font_style:700%20bold%20regular%3A700%3Anormal&#8221; iconbox_content_size=&#8221;16&#8243; title_color=&#8221;#192041&#8243; text_color=&#8221;#3c434b&#8221; link_color=&#8221;#a22531&#8243; link_hover_color=&#8221;#192041&#8243; new_tab=&#8221;&#8221; icon_circle=&#8221;true&#8221; icon_add_number=&#8221;true&#8221; heading=&#8221;Entrevista&#8221; text=&#8221;Entrevista (cita con Rector\u00eda y\/o Coordinaci\u00f3n General)&#8221; icon_number=&#8221;3&#8243;][gt3_spacing height=&#8221;65px&#8221;][\/vc_column][\/vc_row][vc_row][vc_column width=&#8221;1\/3&#8243;][gt3_icon_box icon_type=&#8221;font&#8221; icon_fontawesome=&#8221;fa fa-flag&#8221; icon_position=&#8221;top&#8221; circle_bg=&#8221;#e9eaee&#8221; icon_size=&#8221;custom&#8221; custom_icon_size=&#8221;30&#8243; icon_color=&#8221;#a22531&#8243; title_tag=&#8221;h3&#8243; iconbox_title_size=&#8221;18&#8243; use_theme_fonts_iconbox_title=&#8221;&#8221; google_fonts_iconbox_title=&#8221;font_family:Montserrat%3Aregular%2C700|font_style:700%20bold%20regular%3A700%3Anormal&#8221; iconbox_content_size=&#8221;16&#8243; title_color=&#8221;#192041&#8243; text_color=&#8221;#3c434b&#8221; link_color=&#8221;#a22531&#8243; link_hover_color=&#8221;#192041&#8243; new_tab=&#8221;&#8221; icon_circle=&#8221;true&#8221; icon_add_number=&#8221;true&#8221; heading=&#8221;Estudio Financiero&#8221; text=&#8221;Estudio de aprobaci\u00f3n para el Convenio clubes y colegios con el Banco Davivienda a trav\u00e9s de la tarjeta de cr\u00e9dito Diners.&#8221; icon_number=&#8221;4&#8243;][gt3_spacing height=&#8221;65px&#8221;][\/vc_column][vc_column width=&#8221;1\/3&#8243;][gt3_icon_box icon_type=&#8221;font&#8221; icon_fontawesome=&#8221;fa fa-wpforms&#8221; icon_position=&#8221;top&#8221; circle_bg=&#8221;#e9eaee&#8221; icon_size=&#8221;custom&#8221; custom_icon_size=&#8221;30&#8243; icon_color=&#8221;#a22531&#8243; title_tag=&#8221;h3&#8243; iconbox_title_size=&#8221;18&#8243; use_theme_fonts_iconbox_title=&#8221;&#8221; google_fonts_iconbox_title=&#8221;font_family:Montserrat%3Aregular%2C700|font_style:700%20bold%20regular%3A700%3Anormal&#8221; iconbox_content_size=&#8221;16&#8243; title_color=&#8221;#192041&#8243; text_color=&#8221;#3c434b&#8221; link_color=&#8221;#a22531&#8243; link_hover_color=&#8221;#192041&#8243; new_tab=&#8221;&#8221; icon_circle=&#8221;true&#8221; icon_add_number=&#8221;true&#8221; heading=&#8221;Matr\u00edcula&#8221; text=&#8221;Pago de matr\u00edcula y firma de documentos.&#8221; icon_number=&#8221;5&#8243;][gt3_spacing height=&#8221;65px&#8221;][\/vc_column][vc_column width=&#8221;1\/3&#8243;][gt3_icon_box icon_type=&#8221;font&#8221; icon_fontawesome=&#8221;fa fa-heart&#8221; icon_position=&#8221;top&#8221; circle_bg=&#8221;#e9eaee&#8221; icon_size=&#8221;custom&#8221; custom_icon_size=&#8221;30&#8243; icon_color=&#8221;#a22531&#8243; title_tag=&#8221;h3&#8243; iconbox_title_size=&#8221;18&#8243; use_theme_fonts_iconbox_title=&#8221;&#8221; google_fonts_iconbox_title=&#8221;font_family:Montserrat%3Aregular%2C700|font_style:700%20bold%20regular%3A700%3Anormal&#8221; iconbox_content_size=&#8221;16&#8243; title_color=&#8221;#192041&#8243; text_color=&#8221;#3c434b&#8221; link_color=&#8221;#a22531&#8243; link_hover_color=&#8221;#192041&#8243; new_tab=&#8221;&#8221; icon_circle=&#8221;true&#8221; icon_add_number=&#8221;true&#8221; heading=&#8221;Disfrute Aprendiendo&#8221; text=&#8221;Has sido admitido, alcanza tus mejores calificaciones este a\u00f1o&#8221; icon_number=&#8221;6&#8243;][gt3_spacing height=&#8221;65px&#8221;][\/vc_column][\/vc_row][vc_row][vc_column][vc_column_text]\n<h3><strong>ALUMNOS NUEVOS:<\/strong><\/h3>\n<p><strong>\u00a0<\/strong><\/p>\n<ol>\n<li>Inscripciones: llenar formulario de inscripci\u00f3n y cancelar $ 15.000= en secretar\u00eda.<\/li>\n<li>Entrevista (cita con Rector\u00eda y\/o Coordinaci\u00f3n General)<\/li>\n<li>Evaluaci\u00f3n Diagnostica (aplica para grados 1 a 11)<\/li>\n<li>Si hay aprobaci\u00f3n del cupo, hacer la entrega de documentos en secretaria.<\/li>\n<li>Pago de matr\u00edcula y firma de documentos.<\/li>\n<\/ol>\n<p>&nbsp;<\/p>\n<p><strong>HORARIO DE ATENCI\u00d3N: 8:00 AM a 2:00 PM JORNADA CONTINUA<\/strong><\/p>\n<p>&nbsp;<\/p>\n<h3>DOCUMENTOS REQUERIDOS<\/h3>\n<p>&nbsp;<\/p>\n<p>Certificado a\u00f1o anterior aprobado.<\/p>\n<p>Informe Comportamental o fotocopia del anecdotario.<\/p>\n<p>Paz y Salvo econ\u00f3mico colegio anterior.<\/p>\n<p>Solicitar retiro del SIMAT en el colegio de procedencia.<\/p>\n<p>Fotocopia del registro civil y tarjeta de identidad a partir de los 7a\u00f1os.<\/p>\n<p>Fotocopia Cedula Padre y\/o Acudiente.<\/p>\n<p>Fotocopia Vacunas (solo preescolar &#8211; primaria)<\/p>\n<p>2 Fotos 3*4 cm.<\/p>\n<p>&nbsp;<\/p>\n<h3><strong>ALUMNOS ANTIGUOS:<\/strong><\/h3>\n<p>&nbsp;<\/p>\n<ol>\n<li>Verificaci\u00f3n de cupo.<\/li>\n<li>Separaci\u00f3n de cupo llenando formulario y abonar $100.000= a matr\u00edcula en secretar\u00eda en los\u00a0meses de septiembre a octubre.<\/li>\n<li>Verificaci\u00f3n de paz y salvo econ\u00f3mico.<\/li>\n<li>Pago de matr\u00edcula y firma de documentos. (Seg\u00fan las fechas asignadas para cada grado).<\/li>\n<\/ol>\n<p>&nbsp;<\/p>\n<h3><em>FECHA DE SEPARACI\u00d3N DE CUPO ANTIGUOS:\u00a0 DE SEPTIEMBRE A NOVIEMBRE.<\/em><\/h3>\n<p>&nbsp;<\/p>\n<p><em><strong>NOTA IMPORTANTE: A los padres que no cumplan con los procesos descritos anteriormente no se les garantizar\u00e1 el cupo y la renovaci\u00f3n del contrato de prestaci\u00f3n de servicios para el siguiente a\u00f1o escolar.<\/strong><\/em>[\/vc_column_text][\/vc_column][\/vc_row]\n<\/div>","protected":false},"excerpt":{"rendered":"<p>[vc_row full_width=&#8221;stretch_row&#8221; css=&#8221;.vc_custom_1550684312122{padding-top: 40px !important;padding-bottom: 50px !important;background-image: url(https:\/\/livewp.site\/wp\/md\/wizeedu\/wp-content\/uploads\/sites\/13\/2017\/02\/section-bg-5.jpg?id=215) !important;background-position: center !important;background-repeat: no-repeat !important;background-size: cover !important;}&#8221;][vc_column][vc_column_text] Admisiones [\/vc_column_text][gt3_spacing height=&#8221;30px&#8221; responsive_es=&#8221;true&#8221; height_tablet=&#8221;20&#8243; height_mobile=&#8221;20&#8243;][\/vc_column][\/vc_row][vc_row full_width=&#8221;stretch_row_content&#8221; equal_height=&#8221;yes&#8221;][vc_column width=&#8221;1\/2&#8243; css=&#8221;.vc_custom_1561647272688{padding-top: 100px !important;padding-bottom: 100px !important;background-image: url(http:\/\/www.gimnasiosantorey.edu.co\/gsr\/wp-content\/uploads\/2019\/06\/Banner-Admisiones.png?id=3346) [&hellip;]<\/p>\n","protected":false},"author":1,"featured_media":0,"parent":0,"menu_order":0,"comment_status":"closed","ping_status":"closed","template":"","meta":{"footnotes":""},"class_list":["post-690","page","type-page","status-publish","hentry"],"yoast_head":"<!-- This site is optimized with the Yoast SEO plugin v24.4 - https:\/\/yoast.com\/wordpress\/plugins\/seo\/ -->\n<title>Admisiones - Colegio Gimnasio Santo Rey<\/title>\n<meta name=\"robots\" content=\"index, follow, max-snippet:-1, max-image-preview:large, max-video-preview:-1\" \/>\n<link rel=\"canonical\" href=\"https:\/\/www.gimnasiosantorey.edu.co\/gsr\/admissions\/\" \/>\n<meta property=\"og:locale\" content=\"es_ES\" \/>\n<meta property=\"og:type\" content=\"article\" \/>\n<meta property=\"og:title\" content=\"Admisiones - Colegio Gimnasio Santo Rey\" \/>\n<meta property=\"og:description\" content=\"[vc_row full_width=&#8221;stretch_row&#8221; css=&#8221;.vc_custom_1550684312122{padding-top: 40px !important;padding-bottom: 50px !important;background-image: url(https:\/\/livewp.site\/wp\/md\/wizeedu\/wp-content\/uploads\/sites\/13\/2017\/02\/section-bg-5.jpg?id=215) !important;background-position: center !important;background-repeat: no-repeat !important;background-size: cover !important;}&#8221;][vc_column][vc_column_text] Admisiones [\/vc_column_text][gt3_spacing height=&#8221;30px&#8221; responsive_es=&#8221;true&#8221; height_tablet=&#8221;20&#8243; height_mobile=&#8221;20&#8243;][\/vc_column][\/vc_row][vc_row full_width=&#8221;stretch_row_content&#8221; equal_height=&#8221;yes&#8221;][vc_column width=&#8221;1\/2&#8243; css=&#8221;.vc_custom_1561647272688{padding-top: 100px !important;padding-bottom: 100px !important;background-image: url(http:\/\/www.gimnasiosantorey.edu.co\/gsr\/wp-content\/uploads\/2019\/06\/Banner-Admisiones.png?id=3346) [&hellip;]\" \/>\n<meta property=\"og:url\" content=\"https:\/\/www.gimnasiosantorey.edu.co\/gsr\/admissions\/\" \/>\n<meta property=\"og:site_name\" content=\"Colegio Gimnasio Santo Rey\" \/>\n<meta property=\"article:publisher\" content=\"https:\/\/www.facebook.com\/colegiosantoreyarmenia\/?notif_id=1728497573741947&amp;notif_t=page_user_activity&amp;ref=notif\" \/>\n<meta property=\"article:modified_time\" content=\"2024-12-11T18:53:29+00:00\" \/>\n<meta name=\"twitter:card\" content=\"summary_large_image\" \/>\n<meta name=\"twitter:label1\" content=\"Tiempo de lectura\" \/>\n\t<meta name=\"twitter:data1\" content=\"3 minutos\" \/>\n<script type=\"application\/ld+json\" class=\"yoast-schema-graph\">{\"@context\":\"https:\/\/schema.org\",\"@graph\":[{\"@type\":\"WebPage\",\"@id\":\"https:\/\/www.gimnasiosantorey.edu.co\/gsr\/admissions\/\",\"url\":\"https:\/\/www.gimnasiosantorey.edu.co\/gsr\/admissions\/\",\"name\":\"Admisiones - Colegio Gimnasio Santo Rey\",\"isPartOf\":{\"@id\":\"https:\/\/www.gimnasiosantorey.edu.co\/gsr\/#website\"},\"datePublished\":\"2017-02-15T13:53:47+00:00\",\"dateModified\":\"2024-12-11T18:53:29+00:00\",\"breadcrumb\":{\"@id\":\"https:\/\/www.gimnasiosantorey.edu.co\/gsr\/admissions\/#breadcrumb\"},\"inLanguage\":\"es\",\"potentialAction\":[{\"@type\":\"ReadAction\",\"target\":[\"https:\/\/www.gimnasiosantorey.edu.co\/gsr\/admissions\/\"]}]},{\"@type\":\"BreadcrumbList\",\"@id\":\"https:\/\/www.gimnasiosantorey.edu.co\/gsr\/admissions\/#breadcrumb\",\"itemListElement\":[{\"@type\":\"ListItem\",\"position\":1,\"name\":\"Portada\",\"item\":\"https:\/\/www.gimnasiosantorey.edu.co\/gsr\/\"},{\"@type\":\"ListItem\",\"position\":2,\"name\":\"Admisiones\"}]},{\"@type\":\"WebSite\",\"@id\":\"https:\/\/www.gimnasiosantorey.edu.co\/gsr\/#website\",\"url\":\"https:\/\/www.gimnasiosantorey.edu.co\/gsr\/\",\"name\":\"Colegio Gimnasio Santo Rey\",\"description\":\"Colegio Gimnasio Santo Rey\",\"publisher\":{\"@id\":\"https:\/\/www.gimnasiosantorey.edu.co\/gsr\/#organization\"},\"potentialAction\":[{\"@type\":\"SearchAction\",\"target\":{\"@type\":\"EntryPoint\",\"urlTemplate\":\"https:\/\/www.gimnasiosantorey.edu.co\/gsr\/?s={search_term_string}\"},\"query-input\":{\"@type\":\"PropertyValueSpecification\",\"valueRequired\":true,\"valueName\":\"search_term_string\"}}],\"inLanguage\":\"es\"},{\"@type\":\"Organization\",\"@id\":\"https:\/\/www.gimnasiosantorey.edu.co\/gsr\/#organization\",\"name\":\"Colegio Gimnasio Santo Rey\",\"url\":\"https:\/\/www.gimnasiosantorey.edu.co\/gsr\/\",\"logo\":{\"@type\":\"ImageObject\",\"inLanguage\":\"es\",\"@id\":\"https:\/\/www.gimnasiosantorey.edu.co\/gsr\/#\/schema\/logo\/image\/\",\"url\":\"https:\/\/www.gimnasiosantorey.edu.co\/gsr\/wp-content\/uploads\/2022\/02\/SAnto-Rey.jpg\",\"contentUrl\":\"https:\/\/www.gimnasiosantorey.edu.co\/gsr\/wp-content\/uploads\/2022\/02\/SAnto-Rey.jpg\",\"width\":225,\"height\":225,\"caption\":\"Colegio Gimnasio Santo Rey\"},\"image\":{\"@id\":\"https:\/\/www.gimnasiosantorey.edu.co\/gsr\/#\/schema\/logo\/image\/\"},\"sameAs\":[\"https:\/\/www.facebook.com\/colegiosantoreyarmenia\/?notif_id=1728497573741947&notif_t=page_user_activity&ref=notif\"]}]}<\/script>\n<!-- \/ Yoast SEO plugin. -->","yoast_head_json":{"title":"Admisiones - Colegio Gimnasio Santo Rey","robots":{"index":"index","follow":"follow","max-snippet":"max-snippet:-1","max-image-preview":"max-image-preview:large","max-video-preview":"max-video-preview:-1"},"canonical":"https:\/\/www.gimnasiosantorey.edu.co\/gsr\/admissions\/","og_locale":"es_ES","og_type":"article","og_title":"Admisiones - Colegio Gimnasio Santo Rey","og_description":"[vc_row full_width=&#8221;stretch_row&#8221; css=&#8221;.vc_custom_1550684312122{padding-top: 40px !important;padding-bottom: 50px !important;background-image: url(https:\/\/livewp.site\/wp\/md\/wizeedu\/wp-content\/uploads\/sites\/13\/2017\/02\/section-bg-5.jpg?id=215) !important;background-position: center !important;background-repeat: no-repeat !important;background-size: cover !important;}&#8221;][vc_column][vc_column_text] Admisiones [\/vc_column_text][gt3_spacing height=&#8221;30px&#8221; responsive_es=&#8221;true&#8221; height_tablet=&#8221;20&#8243; height_mobile=&#8221;20&#8243;][\/vc_column][\/vc_row][vc_row full_width=&#8221;stretch_row_content&#8221; equal_height=&#8221;yes&#8221;][vc_column width=&#8221;1\/2&#8243; css=&#8221;.vc_custom_1561647272688{padding-top: 100px !important;padding-bottom: 100px !important;background-image: url(http:\/\/www.gimnasiosantorey.edu.co\/gsr\/wp-content\/uploads\/2019\/06\/Banner-Admisiones.png?id=3346) [&hellip;]","og_url":"https:\/\/www.gimnasiosantorey.edu.co\/gsr\/admissions\/","og_site_name":"Colegio Gimnasio Santo Rey","article_publisher":"https:\/\/www.facebook.com\/colegiosantoreyarmenia\/?notif_id=1728497573741947&notif_t=page_user_activity&ref=notif","article_modified_time":"2024-12-11T18:53:29+00:00","twitter_card":"summary_large_image","twitter_misc":{"Tiempo de lectura":"3 minutos"},"schema":{"@context":"https:\/\/schema.org","@graph":[{"@type":"WebPage","@id":"https:\/\/www.gimnasiosantorey.edu.co\/gsr\/admissions\/","url":"https:\/\/www.gimnasiosantorey.edu.co\/gsr\/admissions\/","name":"Admisiones - Colegio Gimnasio Santo Rey","isPartOf":{"@id":"https:\/\/www.gimnasiosantorey.edu.co\/gsr\/#website"},"datePublished":"2017-02-15T13:53:47+00:00","dateModified":"2024-12-11T18:53:29+00:00","breadcrumb":{"@id":"https:\/\/www.gimnasiosantorey.edu.co\/gsr\/admissions\/#breadcrumb"},"inLanguage":"es","potentialAction":[{"@type":"ReadAction","target":["https:\/\/www.gimnasiosantorey.edu.co\/gsr\/admissions\/"]}]},{"@type":"BreadcrumbList","@id":"https:\/\/www.gimnasiosantorey.edu.co\/gsr\/admissions\/#breadcrumb","itemListElement":[{"@type":"ListItem","position":1,"name":"Portada","item":"https:\/\/www.gimnasiosantorey.edu.co\/gsr\/"},{"@type":"ListItem","position":2,"name":"Admisiones"}]},{"@type":"WebSite","@id":"https:\/\/www.gimnasiosantorey.edu.co\/gsr\/#website","url":"https:\/\/www.gimnasiosantorey.edu.co\/gsr\/","name":"Colegio Gimnasio Santo Rey","description":"Colegio Gimnasio Santo Rey","publisher":{"@id":"https:\/\/www.gimnasiosantorey.edu.co\/gsr\/#organization"},"potentialAction":[{"@type":"SearchAction","target":{"@type":"EntryPoint","urlTemplate":"https:\/\/www.gimnasiosantorey.edu.co\/gsr\/?s={search_term_string}"},"query-input":{"@type":"PropertyValueSpecification","valueRequired":true,"valueName":"search_term_string"}}],"inLanguage":"es"},{"@type":"Organization","@id":"https:\/\/www.gimnasiosantorey.edu.co\/gsr\/#organization","name":"Colegio Gimnasio Santo Rey","url":"https:\/\/www.gimnasiosantorey.edu.co\/gsr\/","logo":{"@type":"ImageObject","inLanguage":"es","@id":"https:\/\/www.gimnasiosantorey.edu.co\/gsr\/#\/schema\/logo\/image\/","url":"https:\/\/www.gimnasiosantorey.edu.co\/gsr\/wp-content\/uploads\/2022\/02\/SAnto-Rey.jpg","contentUrl":"https:\/\/www.gimnasiosantorey.edu.co\/gsr\/wp-content\/uploads\/2022\/02\/SAnto-Rey.jpg","width":225,"height":225,"caption":"Colegio Gimnasio Santo Rey"},"image":{"@id":"https:\/\/www.gimnasiosantorey.edu.co\/gsr\/#\/schema\/logo\/image\/"},"sameAs":["https:\/\/www.facebook.com\/colegiosantoreyarmenia\/?notif_id=1728497573741947&notif_t=page_user_activity&ref=notif"]}]}},"_links":{"self":[{"href":"https:\/\/www.gimnasiosantorey.edu.co\/gsr\/wp-json\/wp\/v2\/pages\/690","targetHints":{"allow":["GET"]}}],"collection":[{"href":"https:\/\/www.gimnasiosantorey.edu.co\/gsr\/wp-json\/wp\/v2\/pages"}],"about":[{"href":"https:\/\/www.gimnasiosantorey.edu.co\/gsr\/wp-json\/wp\/v2\/types\/page"}],"author":[{"embeddable":true,"href":"https:\/\/www.gimnasiosantorey.edu.co\/gsr\/wp-json\/wp\/v2\/users\/1"}],"replies":[{"embeddable":true,"href":"https:\/\/www.gimnasiosantorey.edu.co\/gsr\/wp-json\/wp\/v2\/comments?post=690"}],"version-history":[{"count":28,"href":"https:\/\/www.gimnasiosantorey.edu.co\/gsr\/wp-json\/wp\/v2\/pages\/690\/revisions"}],"predecessor-version":[{"id":6970,"href":"https:\/\/www.gimnasiosantorey.edu.co\/gsr\/wp-json\/wp\/v2\/pages\/690\/revisions\/6970"}],"wp:attachment":[{"href":"https:\/\/www.gimnasiosantorey.edu.co\/gsr\/wp-json\/wp\/v2\/media?parent=690"}],"curies":[{"name":"wp","href":"https:\/\/api.w.org\/{rel}","templated":true}]}}